{"id":1408,"date":"2023-11-26T17:58:02","date_gmt":"2023-11-26T17:58:02","guid":{"rendered":"http:\/\/new.richardsmotelfamilyoflodgings.com\/divi\/chambres\/"},"modified":"2025-02-27T02:51:21","modified_gmt":"2025-02-27T02:51:21","slug":"chambres","status":"publish","type":"page","link":"https:\/\/richardshotel.com\/fr\/chambres\/","title":{"rendered":"Chambres"},"content":{"rendered":"<p>[et_pb_section fb_built=\u00a0\u00bb1&Prime; _builder_version=\u00a0\u00bb4.23.1&Prime; _module_preset=\u00a0\u00bbdefault\u00a0\u00bb global_colors_info=\u00a0\u00bb{}\u00a0\u00bb][et_pb_row _builder_version=\u00a0\u00bb4.23.1&Prime; _module_preset=\u00a0\u00bbdefault\u00a0\u00bb global_colors_info=\u00a0\u00bb{}\u00a0\u00bb][et_pb_column type=\u00a0\u00bb4_4&Prime; _builder_version=\u00a0\u00bb4.23.1&Prime; _module_preset=\u00a0\u00bbdefault\u00a0\u00bb global_colors_info=\u00a0\u00bb{}\u00a0\u00bb][et_pb_text _builder_version=\u00a0\u00bb4.25.2&Prime; _module_preset=\u00a0\u00bbdefault\u00a0\u00bb global_colors_info=\u00a0\u00bb{}\u00a0\u00bb]&nbsp;<\/p>\n<p class=\"has-text-align-center\"><strong>Toutes les chambres de Richard&rsquo;s Hotel<\/strong><\/p>\n<p>&nbsp;<\/p>\n<p style=\"text-align: center;\">Vous vous sentirez tr\u00e8s \u00e0 l&rsquo;aise dans nos chambres enti\u00e8rement meubl\u00e9es et \u00e9quip\u00e9es d&rsquo;un mini-r\u00e9frig\u00e9rateur et d&rsquo;un micro-ondes.<\/p>\n<p style=\"text-align: center;\">Chaque chambre dispose d&rsquo;une salle de bains avec douche ou baignoire pour certaines. Nous disposons \u00e9galement d&rsquo;une salle sp\u00e9ciale avec acc\u00e8s pour les personnes handicap\u00e9es si n\u00e9cessaire.<\/p>\n<p class=\"has-text-align-center\" style=\"text-align: center;\">Nos prix sont d\u00e9gressifs pour une location hebdomadaire et mensuelle (4 semaines). Profitez de tarifs avantageux et tr\u00e8s pratiques en basse saison.<\/p>\n<p class=\"has-text-align-center\" style=\"text-align: center;\">N&rsquo;h\u00e9sitez pas \u00e0 nous poser la question <a href=\"\/fr\/contact\/\">ici<\/a><\/p>\n<p>&nbsp;[\/et_pb_text][\/et_pb_column][\/et_pb_row][et_pb_row _builder_version=\u00a0\u00bb4.23.4&Prime; _module_preset=\u00a0\u00bbdefault\u00a0\u00bb global_colors_info=\u00a0\u00bb{}\u00a0\u00bb][et_pb_column type=\u00a0\u00bb4_4&Prime; _builder_version=\u00a0\u00bb4.23.4&Prime; _module_preset=\u00a0\u00bbdefault\u00a0\u00bb global_colors_info=\u00a0\u00bb{}\u00a0\u00bb][et_pb_post_slider include_categories=\u00a0\u00bb7&Prime; orderby=\u00a0\u00bbtitle_asc\u00a0\u00bb use_manual_excerpt=\u00a0\u00bboff\u00a0\u00bb show_meta=\u00a0\u00bboff\u00a0\u00bb bg_overlay_color=\u00a0\u00bbrgba(255,255,255,0.2)\u00a0\u00bb use_text_overlay=\u00a0\u00bboff\u00a0\u00bb show_image_video_mobile=\u00a0\u00bbon\u00a0\u00bb arrows_custom_color=\u00a0\u00bb#FFFFFF\u00a0\u00bb dot_nav_custom_color=\u00a0\u00bb#7fbf01&Prime; _builder_version=\u00a0\u00bb4.23.4&Prime; _module_preset=\u00a0\u00bbdefault\u00a0\u00bb header_font=\u00a0\u00bbABeeZee||||||||\u00a0\u00bb body_font=\u00a0\u00bbABeeZee||||||||\u00a0\u00bb custom_button=\u00a0\u00bbon\u00a0\u00bb button_border_color=\u00a0\u00bb#7fbf01&Prime; button_border_radius=\u00a0\u00bb25px\u00a0\u00bb button_letter_spacing=\u00a0\u00bb5px\u00a0\u00bb button_font=\u00a0\u00bbABeeZee||||||||\u00a0\u00bb button_use_icon=\u00a0\u00bboff\u00a0\u00bb button_custom_margin_tablet=\u00a0\u00bb\u00a0\u00bb button_custom_margin_phone=\u00a0\u00bb\u00a0\u00bb button_custom_margin_last_edited=\u00a0\u00bbon|phone\u00a0\u00bb button_custom_padding=\u00a0\u00bb0px|10px|0px|10px|false|false\u00a0\u00bb auto=\u00a0\u00bbon\u00a0\u00bb auto_speed=\u00a0\u00bb4000&Prime; button_border_width_tablet=\u00a0\u00bb\u00a0\u00bb button_border_width_phone=\u00a0\u00bb\u00a0\u00bb button_border_width_last_edited=\u00a0\u00bbon|desktop\u00a0\u00bb button_letter_spacing_tablet=\u00a0\u00bb2px\u00a0\u00bb button_letter_spacing_phone=\u00a0\u00bb2px\u00a0\u00bb button_letter_spacing_last_edited=\u00a0\u00bbon|phone\u00a0\u00bb box_shadow_style=\u00a0\u00bbpreset1&Prime; global_colors_info=\u00a0\u00bb{}\u00a0\u00bb][\/et_pb_post_slider][\/et_pb_column][\/et_pb_row][\/et_pb_section]<\/p>\n","protected":false},"excerpt":{"rendered":"<p>&nbsp; Toutes les chambres de Richard&rsquo;s Hotel &nbsp; Vous vous sentirez tr\u00e8s \u00e0 l&rsquo;aise dans nos chambres enti\u00e8rement meubl\u00e9es et \u00e9quip\u00e9es d&rsquo;un mini-r\u00e9frig\u00e9rateur et d&rsquo;un micro-ondes. Chaque chambre dispose d&rsquo;une salle de bains avec douche ou baignoire pour certaines. Nous disposons \u00e9galement d&rsquo;une salle sp\u00e9ciale avec acc\u00e8s pour les personnes handicap\u00e9es si n\u00e9cessaire. Nos prix [&hellip;]<\/p>\n","protected":false},"author":1,"featured_media":0,"parent":0,"menu_order":0,"comment_status":"closed","ping_status":"closed","template":"","meta":{"_et_pb_use_builder":"on","_et_pb_old_content":"","_et_gb_content_width":"","_monsterinsights_skip_tracking":false,"_monsterinsights_sitenote_active":false,"_monsterinsights_sitenote_note":"","_monsterinsights_sitenote_category":0,"footnotes":""},"class_list":["post-1408","page","type-page","status-publish","hentry"],"yoast_head":"<!-- This site is optimized with the Yoast SEO plugin v27.3 - https:\/\/yoast.com\/product\/yoast-seo-wordpress\/ -->\n<title>Chambres - Richard&#039;s Hotel<\/title>\n<meta name=\"robots\" content=\"index, follow, max-snippet:-1, max-image-preview:large, max-video-preview:-1\" \/>\n<link rel=\"canonical\" href=\"https:\/\/richardshotel.com\/fr\/chambres\/\" \/>\n<meta property=\"og:locale\" content=\"fr_FR\" \/>\n<meta property=\"og:type\" content=\"article\" \/>\n<meta property=\"og:title\" content=\"Chambres - Richard&#039;s Hotel\" \/>\n<meta property=\"og:description\" content=\"&nbsp; Toutes les chambres de Richard&#039;s Hotel &nbsp; Vous vous sentirez tr\u00e8s \u00e0 l&#039;aise dans nos chambres enti\u00e8rement meubl\u00e9es et \u00e9quip\u00e9es d&#039;un mini-r\u00e9frig\u00e9rateur et d&#039;un micro-ondes. Chaque chambre dispose d&#039;une salle de bains avec douche ou baignoire pour certaines. Nous disposons \u00e9galement d&#039;une salle sp\u00e9ciale avec acc\u00e8s pour les personnes handicap\u00e9es si n\u00e9cessaire. Nos prix [&hellip;]\" \/>\n<meta property=\"og:url\" content=\"https:\/\/richardshotel.com\/fr\/chambres\/\" \/>\n<meta property=\"og:site_name\" content=\"Richard&#039;s Hotel\" \/>\n<meta property=\"article:publisher\" content=\"https:\/\/www.facebook.com\/FamilyofLodgingsHollywoodFlorida\" \/>\n<meta property=\"article:modified_time\" content=\"2025-02-27T02:51:21+00:00\" \/>\n<meta name=\"twitter:card\" content=\"summary_large_image\" \/>\n<meta name=\"twitter:label1\" content=\"Dur\u00e9e de lecture estim\u00e9e\" \/>\n\t<meta name=\"twitter:data1\" content=\"2 minutes\" \/>\n<script type=\"application\/ld+json\" class=\"yoast-schema-graph\">{\"@context\":\"https:\\\/\\\/schema.org\",\"@graph\":[{\"@type\":\"WebPage\",\"@id\":\"https:\\\/\\\/richardshotel.com\\\/fr\\\/chambres\\\/\",\"url\":\"https:\\\/\\\/richardshotel.com\\\/fr\\\/chambres\\\/\",\"name\":\"Chambres - Richard&#039;s Hotel\",\"isPartOf\":{\"@id\":\"https:\\\/\\\/richardshotel.com\\\/fr\\\/#website\"},\"datePublished\":\"2023-11-26T17:58:02+00:00\",\"dateModified\":\"2025-02-27T02:51:21+00:00\",\"breadcrumb\":{\"@id\":\"https:\\\/\\\/richardshotel.com\\\/fr\\\/chambres\\\/#breadcrumb\"},\"inLanguage\":\"fr-FR\",\"potentialAction\":[{\"@type\":\"ReadAction\",\"target\":[\"https:\\\/\\\/richardshotel.com\\\/fr\\\/chambres\\\/\"]}]},{\"@type\":\"BreadcrumbList\",\"@id\":\"https:\\\/\\\/richardshotel.com\\\/fr\\\/chambres\\\/#breadcrumb\",\"itemListElement\":[{\"@type\":\"ListItem\",\"position\":1,\"name\":\"Home\",\"item\":\"https:\\\/\\\/richardshotel.com\\\/fr\\\/\"},{\"@type\":\"ListItem\",\"position\":2,\"name\":\"Chambres\"}]},{\"@type\":\"WebSite\",\"@id\":\"https:\\\/\\\/richardshotel.com\\\/fr\\\/#website\",\"url\":\"https:\\\/\\\/richardshotel.com\\\/fr\\\/\",\"name\":\"Richard's Hotel\",\"description\":\"\",\"publisher\":{\"@id\":\"https:\\\/\\\/richardshotel.com\\\/fr\\\/#organization\"},\"potentialAction\":[{\"@type\":\"SearchAction\",\"target\":{\"@type\":\"EntryPoint\",\"urlTemplate\":\"https:\\\/\\\/richardshotel.com\\\/fr\\\/?s={search_term_string}\"},\"query-input\":{\"@type\":\"PropertyValueSpecification\",\"valueRequired\":true,\"valueName\":\"search_term_string\"}}],\"inLanguage\":\"fr-FR\"},{\"@type\":\"Organization\",\"@id\":\"https:\\\/\\\/richardshotel.com\\\/fr\\\/#organization\",\"name\":\"Richard's Hotel\",\"url\":\"https:\\\/\\\/richardshotel.com\\\/fr\\\/\",\"logo\":{\"@type\":\"ImageObject\",\"inLanguage\":\"fr-FR\",\"@id\":\"https:\\\/\\\/richardshotel.com\\\/fr\\\/#\\\/schema\\\/logo\\\/image\\\/\",\"url\":\"https:\\\/\\\/richardshotel.com\\\/wp-content\\\/uploads\\\/2024\\\/06\\\/Hotel-logo-slider.png\",\"contentUrl\":\"https:\\\/\\\/richardshotel.com\\\/wp-content\\\/uploads\\\/2024\\\/06\\\/Hotel-logo-slider.png\",\"width\":300,\"height\":236,\"caption\":\"Richard's Hotel\"},\"image\":{\"@id\":\"https:\\\/\\\/richardshotel.com\\\/fr\\\/#\\\/schema\\\/logo\\\/image\\\/\"},\"sameAs\":[\"https:\\\/\\\/www.facebook.com\\\/FamilyofLodgingsHollywoodFlorida\"]}]}<\/script>\n<!-- \/ Yoast SEO plugin. -->","yoast_head_json":{"title":"Chambres - Richard&#039;s Hotel","robots":{"index":"index","follow":"follow","max-snippet":"max-snippet:-1","max-image-preview":"max-image-preview:large","max-video-preview":"max-video-preview:-1"},"canonical":"https:\/\/richardshotel.com\/fr\/chambres\/","og_locale":"fr_FR","og_type":"article","og_title":"Chambres - Richard&#039;s Hotel","og_description":"&nbsp; Toutes les chambres de Richard's Hotel &nbsp; Vous vous sentirez tr\u00e8s \u00e0 l'aise dans nos chambres enti\u00e8rement meubl\u00e9es et \u00e9quip\u00e9es d'un mini-r\u00e9frig\u00e9rateur et d'un micro-ondes. Chaque chambre dispose d'une salle de bains avec douche ou baignoire pour certaines. Nous disposons \u00e9galement d'une salle sp\u00e9ciale avec acc\u00e8s pour les personnes handicap\u00e9es si n\u00e9cessaire. Nos prix [&hellip;]","og_url":"https:\/\/richardshotel.com\/fr\/chambres\/","og_site_name":"Richard&#039;s Hotel","article_publisher":"https:\/\/www.facebook.com\/FamilyofLodgingsHollywoodFlorida","article_modified_time":"2025-02-27T02:51:21+00:00","twitter_card":"summary_large_image","twitter_misc":{"Dur\u00e9e de lecture estim\u00e9e":"2 minutes"},"schema":{"@context":"https:\/\/schema.org","@graph":[{"@type":"WebPage","@id":"https:\/\/richardshotel.com\/fr\/chambres\/","url":"https:\/\/richardshotel.com\/fr\/chambres\/","name":"Chambres - Richard&#039;s Hotel","isPartOf":{"@id":"https:\/\/richardshotel.com\/fr\/#website"},"datePublished":"2023-11-26T17:58:02+00:00","dateModified":"2025-02-27T02:51:21+00:00","breadcrumb":{"@id":"https:\/\/richardshotel.com\/fr\/chambres\/#breadcrumb"},"inLanguage":"fr-FR","potentialAction":[{"@type":"ReadAction","target":["https:\/\/richardshotel.com\/fr\/chambres\/"]}]},{"@type":"BreadcrumbList","@id":"https:\/\/richardshotel.com\/fr\/chambres\/#breadcrumb","itemListElement":[{"@type":"ListItem","position":1,"name":"Home","item":"https:\/\/richardshotel.com\/fr\/"},{"@type":"ListItem","position":2,"name":"Chambres"}]},{"@type":"WebSite","@id":"https:\/\/richardshotel.com\/fr\/#website","url":"https:\/\/richardshotel.com\/fr\/","name":"Richard's Hotel","description":"","publisher":{"@id":"https:\/\/richardshotel.com\/fr\/#organization"},"potentialAction":[{"@type":"SearchAction","target":{"@type":"EntryPoint","urlTemplate":"https:\/\/richardshotel.com\/fr\/?s={search_term_string}"},"query-input":{"@type":"PropertyValueSpecification","valueRequired":true,"valueName":"search_term_string"}}],"inLanguage":"fr-FR"},{"@type":"Organization","@id":"https:\/\/richardshotel.com\/fr\/#organization","name":"Richard's Hotel","url":"https:\/\/richardshotel.com\/fr\/","logo":{"@type":"ImageObject","inLanguage":"fr-FR","@id":"https:\/\/richardshotel.com\/fr\/#\/schema\/logo\/image\/","url":"https:\/\/richardshotel.com\/wp-content\/uploads\/2024\/06\/Hotel-logo-slider.png","contentUrl":"https:\/\/richardshotel.com\/wp-content\/uploads\/2024\/06\/Hotel-logo-slider.png","width":300,"height":236,"caption":"Richard's Hotel"},"image":{"@id":"https:\/\/richardshotel.com\/fr\/#\/schema\/logo\/image\/"},"sameAs":["https:\/\/www.facebook.com\/FamilyofLodgingsHollywoodFlorida"]}]}},"_links":{"self":[{"href":"https:\/\/richardshotel.com\/fr\/wp-json\/wp\/v2\/pages\/1408","targetHints":{"allow":["GET"]}}],"collection":[{"href":"https:\/\/richardshotel.com\/fr\/wp-json\/wp\/v2\/pages"}],"about":[{"href":"https:\/\/richardshotel.com\/fr\/wp-json\/wp\/v2\/types\/page"}],"author":[{"embeddable":true,"href":"https:\/\/richardshotel.com\/fr\/wp-json\/wp\/v2\/users\/1"}],"replies":[{"embeddable":true,"href":"https:\/\/richardshotel.com\/fr\/wp-json\/wp\/v2\/comments?post=1408"}],"version-history":[{"count":20,"href":"https:\/\/richardshotel.com\/fr\/wp-json\/wp\/v2\/pages\/1408\/revisions"}],"predecessor-version":[{"id":3353,"href":"https:\/\/richardshotel.com\/fr\/wp-json\/wp\/v2\/pages\/1408\/revisions\/3353"}],"wp:attachment":[{"href":"https:\/\/richardshotel.com\/fr\/wp-json\/wp\/v2\/media?parent=1408"}],"curies":[{"name":"wp","href":"https:\/\/api.w.org\/{rel}","templated":true}]}}