{"id":1518,"date":"2023-11-26T17:55:25","date_gmt":"2023-11-26T17:55:25","guid":{"rendered":"http:\/\/new.richardsmotelfamilyoflodgings.com\/divi\/a-propos-du-richards-motel\/"},"modified":"2024-06-30T08:21:47","modified_gmt":"2024-06-30T08:21:47","slug":"a-propos-du-richards-motel","status":"publish","type":"page","link":"https:\/\/richardshotel.com\/fr\/a-propos-du-richards-motel\/","title":{"rendered":"\u00c0 propos de nous &#8211; R\u00e9ductions &#8211; Politiques"},"content":{"rendered":"<p>[et_pb_section fb_built=\u00a0\u00bb1&Prime; _builder_version=\u00a0\u00bb4.23.1&Prime; _module_preset=\u00a0\u00bbdefault\u00a0\u00bb global_colors_info=\u00a0\u00bb{}\u00a0\u00bb][et_pb_row _builder_version=\u00a0\u00bb4.24.0&Prime; _module_preset=\u00a0\u00bbdefault\u00a0\u00bb custom_margin=\u00a0\u00bb40px||||false|false\u00a0\u00bb global_colors_info=\u00a0\u00bb{}\u00a0\u00bb][et_pb_column type=\u00a0\u00bb4_4&Prime; _builder_version=\u00a0\u00bb4.23.1&Prime; _module_preset=\u00a0\u00bbdefault\u00a0\u00bb global_colors_info=\u00a0\u00bb{}\u00a0\u00bb][et_pb_text _builder_version=\u00a0\u00bb4.25.1&Prime; _module_preset=\u00a0\u00bbdefault\u00a0\u00bb header_3_font=\u00a0\u00bbABeeZee||||||||\u00a0\u00bb header_3_text_color=\u00a0\u00bb#7fbf00&Prime; global_colors_info=\u00a0\u00bb{}\u00a0\u00bb]<\/p>\n<h3 style=\"text-align: justify;\">\u00c0 propos de Richard&rsquo;s Hotel<\/h3>\n<p>&nbsp;<\/p>\n<p>Bienvenue \u00e0 Richard&rsquo;s Hotel, le dernier n\u00e9 de la famille des motels Richard.<\/p>\n<p>Situ\u00e9 \u00e0 un p\u00e2t\u00e9 de maisons de notre motel principal \u00e0 Hollywood, en Floride. Richard&rsquo;s Hotel est devenu le nouveau membre de notre famille le 31 d\u00e9cembre 2011.<\/p>\n<p>Au Richard&rsquo;s Hotel, nous sommes sp\u00e9cialis\u00e9s dans les s\u00e9jours de courte dur\u00e9e. Il est id\u00e9al pour les c\u00e9libataires ou les couples qui s\u00e9journent \u00e0 Hollywood pendant quelques jours ou quelques semaines, et pratique pour les croisi\u00e9ristes.<\/p>\n<p>Le Richard&rsquo;s Hotel dispose de 35 unit\u00e9s, d&rsquo;un b\u00e2timent art d\u00e9co classique de 2 \u00e9tages avec une piscine claire et \u00e9tincelante, un barbecue, un espace de d\u00e9tente serein et une terrasse, offrant la t\u00e9l\u00e9vision par satellite avec HBO et l&rsquo;Internet WiFi.<\/p>\n<p>Dans nos studios semi-meubl\u00e9s et \u00e9quip\u00e9s, vous vous sentirez \u00e0 l&rsquo;aise.<\/p>\n<p>Des machines \u00e0 laver et des distributeurs de boissons sont \u00e9galement disponibles.<\/p>\n<p>Une belle propri\u00e9t\u00e9 dans un quartier entour\u00e9 de restaurants, d&rsquo;\u00e9piceries situ\u00e9 au c\u0153ur d&rsquo;Hollywood.<\/p>\n<p>\u00c0 quelques minutes seulement des plages de sable, de la c\u00e9l\u00e8bre promenade d&rsquo;Hollywood et de restaurants uniques. Proche de l&rsquo;a\u00e9roport international et des ports maritimes de Fort Lauderdale.<\/p>\n<p>Nous sommes \u00e9galement \u00e0 quelques p\u00e2t\u00e9s de maisons du nouveau et passionnant Big Easy Casino et du Gulfstream Racetrack et de ses courses de chiens.<\/p>\n<p>Dans cette propri\u00e9t\u00e9 de style Art d\u00e9co, vous trouverez la paix et le plaisir.<\/p>\n<p>Ne stressez pas pour trouver le paradis. Nous avons ce que vous cherchez.<\/p>\n<p>[\/et_pb_text][\/et_pb_column][\/et_pb_row][et_pb_row _builder_version=\u00a0\u00bb4.24.0&Prime; _module_preset=\u00a0\u00bbdefault\u00a0\u00bb custom_margin=\u00a0\u00bb40px||||false|false\u00a0\u00bb global_colors_info=\u00a0\u00bb{}\u00a0\u00bb][et_pb_column type=\u00a0\u00bb4_4&Prime; _builder_version=\u00a0\u00bb4.23.1&Prime; _module_preset=\u00a0\u00bbdefault\u00a0\u00bb global_colors_info=\u00a0\u00bb{}\u00a0\u00bb][et_pb_text _builder_version=\u00a0\u00bb4.24.0&Prime; _module_preset=\u00a0\u00bbdefault\u00a0\u00bb header_3_font=\u00a0\u00bbABeeZee||||||||\u00a0\u00bb header_3_text_color=\u00a0\u00bb#7fbf00&Prime; global_colors_info=\u00a0\u00bb{}\u00a0\u00bb]<\/p>\n<h3>Rabais<\/h3>\n<p>&nbsp;<\/p>\n<ul>\n<li><strong>Rabais de derni\u00e8re minute<\/strong><\/li>\n<\/ul>\n<p>Disponible pour ceux qui se pr\u00e9sentent sans r\u00e9servation (ce qui n&rsquo;est pas le sc\u00e9nario id\u00e9al en termes de choix)<\/p>\n<p>Ne prenez pas le risque de voir \u00ab\u00a0COMPLET\u00a0\u00bb ce jour-l\u00e0 !<\/p>\n<ul>\n<li><strong>Rabais pour les longs s\u00e9jours..<\/strong><\/li>\n<\/ul>\n<p>Si vous pr\u00e9voyez un long s\u00e9jour chez nous, veuillez contacter notre service de r\u00e9servation pour obtenir un tarif sp\u00e9cial. Toujours 15% de r\u00e9duction pour un s\u00e9jour en hiver lorsque vous r\u00e9servez AVANT le 31 octobre pr\u00e9c\u00e9dent.<\/p>\n<p>&nbsp;<\/p>\n<p><em>*Tous les rabais ne peuvent pas \u00eatre combin\u00e9s. <\/em><\/p>\n<p>[\/et_pb_text][\/et_pb_column][\/et_pb_row][et_pb_row _builder_version=\u00a0\u00bb4.24.0&Prime; _module_preset=\u00a0\u00bbdefault\u00a0\u00bb custom_margin=\u00a0\u00bb40px||||false|false\u00a0\u00bb global_colors_info=\u00a0\u00bb{}\u00a0\u00bb][et_pb_column type=\u00a0\u00bb4_4&Prime; _builder_version=\u00a0\u00bb4.23.1&Prime; _module_preset=\u00a0\u00bbdefault\u00a0\u00bb global_colors_info=\u00a0\u00bb{}\u00a0\u00bb][et_pb_text _builder_version=\u00a0\u00bb4.25.1&Prime; _module_preset=\u00a0\u00bbdefault\u00a0\u00bb header_3_font=\u00a0\u00bbABeeZee||||||||\u00a0\u00bb header_3_text_color=\u00a0\u00bb#7fbf00&Prime; global_colors_info=\u00a0\u00bb{}\u00a0\u00bb]<\/p>\n<h3 style=\"text-align: justify;\">H<\/h3>\n<h3 style=\"text-align: justify;\">S\u00fbret\u00e9 et s\u00e9curit\u00e9<\/h3>\n<p>&nbsp;<\/p>\n<p>Pour votre s\u00e9curit\u00e9, notre propri\u00e9t\u00e9 offre les caract\u00e9ristiques suivantes :<\/p>\n<p style=\"text-align: justify;\">Double serrure<br \/>Cam\u00e9ras de surveillance*<br \/>Gestionnaire en service 24 heures sur 24<br \/>Pour votre s\u00e9curit\u00e9 personnelle, veuillez lire ce qui suit<br \/>Ne pas admettre une personne inconnue (sans notre consentement)<br \/>Gardez vos cl\u00e9s en s\u00e9curit\u00e9<br \/>Ne laissez pas les enfants sans surveillance dans la chambre.<br \/>Ne pas laisser les fen\u00eatres ouvertes pendant la nuit<br \/>Ne pas courir dans l&rsquo;enceinte de l&rsquo;\u00e9tablissement<\/p>\n<p style=\"text-align: justify;\"><strong>Informations g\u00e9n\u00e9rales de s\u00e9curit\u00e9 :<\/strong><\/p>\n<p style=\"text-align: justify;\"><span>Pendant que vous profitez de votre s\u00e9jour au Richard&rsquo;s Hotel dans le climat tropical et le temps chaud, nous voulons que vous vous sentiez \u00ab\u00a0comme \u00e0 la maison\u00a0\u00bb pendant que vous \u00eates notre invit\u00e9. Malgr\u00e9 l&rsquo;attention que notre personnel porte \u00e0 nos clients pour assurer leur s\u00e9curit\u00e9, notre h\u00f4tel est situ\u00e9 sur la Federal Highway (US1), une route tr\u00e8s fr\u00e9quent\u00e9e qui traverse tout l&rsquo;\u00c9tat de Floride. Cette route est le point central de notre \u00ab\u00a0destination d\u00e9tente\u00a0\u00bb, mais nous devons \u00eatre conscients de notre environnement, de jour comme de nuit. Vous devez notamment fermer la porte de votre chambre d&rsquo;h\u00f4tel \u00e0 cl\u00e9 en permanence, vous assurer que tous les objets de valeur sont cach\u00e9s et ne sont pas apport\u00e9s avec vous \u00e0 la piscine et dans les patios, verrouiller toutes les fen\u00eatres, en utilisant la serrure sup\u00e9rieure, lorsque vous quittez votre chambre pour quelque dur\u00e9e que ce soit, et ne pas ouvrir la porte de votre chambre d&rsquo;h\u00f4tel \u00e0 une personne que vous ne connaissez pas, \u00e0 moins qu&rsquo;elle ne se soit clairement identifi\u00e9e aupr\u00e8s de vous.<\/span><\/p>\n<p style=\"text-align: justify;\"><strong>Coffres-forts dans les chambres :<\/strong><\/p>\n<p style=\"text-align: justify;\"><span>Pour assurer la s\u00e9curit\u00e9 de nos h\u00f4tes et de leurs objets de valeur, nous avons install\u00e9 des coffres-forts dans la plupart de nos unit\u00e9s. Nous attendons l&rsquo;arriv\u00e9e de coffres suppl\u00e9mentaires pour nous assurer que toutes les unit\u00e9s contiennent un coffre-fort dans la chambre. En plus des efforts de notre personnel pour assurer la s\u00e9curit\u00e9 de nos h\u00f4tes, ces coffres-forts dans la chambre aideront \u00e0 garantir que vos objets de valeur sont en s\u00e9curit\u00e9 et que votre s\u00e9jour parmi nous est des plus relaxants et agr\u00e9ables.<\/span><\/p>\n<p style=\"text-align: justify;\"><strong>En ce qui concerne le stationnement,<\/strong> <span>nous avons install\u00e9 un \u00e9clairage appropri\u00e9 et un syst\u00e8me de surveillance vid\u00e9o. Toutefois, afin d&rsquo;\u00e9viter tout probl\u00e8me, veuillez toujours verrouiller les portes de votre voiture et ne pas laisser d&rsquo;objets de valeur \u00e0 la vue de tous dans votre v\u00e9hicule. Remarque : le service des pompiers et le service de police se trouvent \u00e0 moins d&rsquo;un kilom\u00e8tre.<\/span><\/p>\n<p style=\"text-align: justify;\"><span>Nous mettons tout en \u0153uvre pour assurer la s\u00e9curit\u00e9 des lieux et de nos h\u00f4tes, qui profitent de leur s\u00e9jour chez nous. Notre personnel professionnel (jour et nuit) se consacre en permanence \u00e0 votre s\u00e9curit\u00e9 et agira rapidement en cas de probl\u00e8me. Si vous avez des questions ou des pr\u00e9occupations en mati\u00e8re de s\u00e9curit\u00e9, vous pouvez contacter notre r\u00e9ception, 24 heures sur 24, \u00e0 l&rsquo;adresse suivante <\/span><a href=\"tel:954-921-6418\">954-921-6418<\/a><\/p>\n<p>[\/et_pb_text][\/et_pb_column][\/et_pb_row][et_pb_row _builder_version=\u00a0\u00bb4.24.0&Prime; _module_preset=\u00a0\u00bbdefault\u00a0\u00bb custom_margin=\u00a0\u00bb40px||||false|false\u00a0\u00bb global_colors_info=\u00a0\u00bb{}\u00a0\u00bb][et_pb_column type=\u00a0\u00bb4_4&Prime; _builder_version=\u00a0\u00bb4.23.1&Prime; _module_preset=\u00a0\u00bbdefault\u00a0\u00bb global_colors_info=\u00a0\u00bb{}\u00a0\u00bb][et_pb_text _builder_version=\u00a0\u00bb4.24.0&Prime; _module_preset=\u00a0\u00bbdefault\u00a0\u00bb header_3_font=\u00a0\u00bbABeeZee||||||||\u00a0\u00bb header_3_text_color=\u00a0\u00bb#7fbf00&Prime; global_colors_info=\u00a0\u00bb{}\u00a0\u00bb]<\/p>\n<h3>Politique de nettoyage<\/h3>\n<p>&nbsp;<\/p>\n<p><strong><u>Vous payez le tarif journalier :<\/u><\/strong><br \/>Vous b\u00e9n\u00e9ficiez d&rsquo;un service d&rsquo;\u00e9tage quotidien.<\/p>\n<p><strong><u>Vous payez le tarif hebdomadaire :<\/u><\/strong><br \/>Vous b\u00e9n\u00e9ficiez d&rsquo;un service de chambre hebdomadaire (une fois par semaine).<\/p>\n<p>*Un grand service\/nettoyage est fourni une fois par semaine seulement avec le changement des draps. Les serviettes, le papier hygi\u00e9nique et le petit savon ne seront fournis que sur demande entre 9 heures et 16 heures. Une inspection quotidienne des chambres peut \u00eatre effectu\u00e9e et la climatisation doit \u00eatre et sera \u00e9teinte lorsque personne ne se trouve dans la chambre.<\/p>\n<p>Si n\u00e9cessaire, un petit balai, une serpilli\u00e8re et des produits de nettoyage de base seront fournis sur demande.<\/p>\n<p>&nbsp;<\/p>\n<p>[\/et_pb_text][\/et_pb_column][\/et_pb_row][et_pb_row _builder_version=\u00a0\u00bb4.24.0&Prime; _module_preset=\u00a0\u00bbdefault\u00a0\u00bb custom_margin=\u00a0\u00bb40px||||false|false\u00a0\u00bb global_colors_info=\u00a0\u00bb{}\u00a0\u00bb][et_pb_column type=\u00a0\u00bb4_4&Prime; _builder_version=\u00a0\u00bb4.23.1&Prime; _module_preset=\u00a0\u00bbdefault\u00a0\u00bb global_colors_info=\u00a0\u00bb{}\u00a0\u00bb][et_pb_text _builder_version=\u00a0\u00bb4.24.1&Prime; _module_preset=\u00a0\u00bbdefault\u00a0\u00bb header_3_font=\u00a0\u00bbABeeZee||||||||\u00a0\u00bb header_3_text_color=\u00a0\u00bb#7fbf00&Prime; global_colors_info=\u00a0\u00bb{}\u00a0\u00bb]<\/p>\n<p style=\"text-align: justify;\"><strong>*TV EN FRANCAIS \/ Service alternatif (temporaire) offert<\/strong><\/p>\n<p style=\"text-align: justify;\">\n<p style=\"text-align: justify;\">La direction souhaite continuer \u00e0 offrir \u00e0 ses clients qu\u00e9b\u00e9cois un service de t\u00e9l\u00e9vision en fran\u00e7ais. Nos efforts sont accrus dans ce sens, mais la technologie<br \/>ne r\u00e9pond plus aux attentes, ce qui se traduit par d&rsquo;importantes variations dans la r\u00e9ception. En un mot, les diff\u00e9rentes<br \/>cha\u00eenes fran\u00e7aises peuvent fonctionner par intermittence ou simplement ne pas \u00eatre syntonis\u00e9es en permanence.<br \/>Il est important de rappeler que dans ces conditions, la direction ne peut \u00eatre tenue responsable des variations et\/ou interruptions des cha\u00eenes fran\u00e7aises. Nous<br \/>Nous demandons \u00e0 nos clients qu\u00e9b\u00e9cois de faire preuve d&rsquo;indulgence face \u00e0 ce ph\u00e9nom\u00e8ne.<\/p>\n<p style=\"text-align: justify;\">Ce qui compte pour nous, c&rsquo;est de faire de notre mieux en fonction des circonstances et de fournir le maximum d&rsquo;efforts possibles.<\/p>\n<p style=\"text-align: justify;\">Les francophones du Qu\u00e9bec viennent en Floride avant tout pour le climat, le soleil, la plage, les activit\u00e9s, les excursions, tant mieux s&rsquo;il est \u00ab\u00a0partiellement\u00a0\u00bb possible de regarder certains programmes.<\/p>\n<p style=\"text-align: justify;\"><strong>EN CAS D&rsquo;INTERRUPTION<\/strong><\/p>\n<p style=\"text-align: justify;\">En cas d&rsquo;interruption ou d&rsquo;arr\u00eat d&rsquo;une ou plusieurs cha\u00eenes, vous pouvez nous en informer (avec RESPECT), et nous ferons le n\u00e9cessaire pour remettre les cha\u00eenes en service. Nos espoirs reposent sur les avanc\u00e9es technologiques qui vous permettront un jour, chers clients, d&rsquo;utiliser vos smartphones et de vous rendre autonomes dans l&rsquo;acc\u00e8s au contenu qui sera diffus\u00e9 dans vos chambres (&amp; appartements), comme le font aujourd&rsquo;hui la plupart de nos clients am\u00e9ricains qui diffusent simplement (en \u00ab\u00a0mirroring\u00a0\u00bb) leur t\u00e9l\u00e9phone dans les t\u00e9l\u00e9viseurs de chaque unit\u00e9.<br \/>La meilleure fa\u00e7on de vous assurer de regarder vos \u00e9missions qu\u00e9b\u00e9coises en diff\u00e9r\u00e9 est de v\u00e9rifier aupr\u00e8s de votre c\u00e2blodistributeur qu\u00e9b\u00e9cois AVANT votre arriv\u00e9e pour savoir comment visionner Tou.tv et d&rsquo;autres \u00e9missions du monde entier sur votre tablette.<\/p>\n<p style=\"text-align: justify;\"><em>Merci de votre indulgence&#8230;<\/em><\/p>\n<p style=\"text-align: justify;\">[\/et_pb_text][\/et_pb_column][\/et_pb_row][\/et_pb_section]<\/p>\n","protected":false},"excerpt":{"rendered":"<p>\u00c0 propos de Richard&rsquo;s Hotel &nbsp; Bienvenue \u00e0 Richard&rsquo;s Hotel, le dernier n\u00e9 de la famille des motels Richard. Situ\u00e9 \u00e0 un p\u00e2t\u00e9 de maisons de notre motel principal \u00e0 Hollywood, en Floride. Richard&rsquo;s Hotel est devenu le nouveau membre de notre famille le 31 d\u00e9cembre 2011. Au Richard&rsquo;s Hotel, nous sommes sp\u00e9cialis\u00e9s dans les [&hellip;]<\/p>\n","protected":false},"author":1,"featured_media":0,"parent":0,"menu_order":0,"comment_status":"closed","ping_status":"closed","template":"","meta":{"_et_pb_use_builder":"on","_et_pb_old_content":"","_et_gb_content_width":"","_monsterinsights_skip_tracking":false,"_monsterinsights_sitenote_active":false,"_monsterinsights_sitenote_note":"","_monsterinsights_sitenote_category":0,"footnotes":""},"class_list":["post-1518","page","type-page","status-publish","hentry"],"yoast_head":"<!-- This site is optimized with the Yoast SEO plugin v27.3 - https:\/\/yoast.com\/product\/yoast-seo-wordpress\/ -->\n<title>\u00c0 propos de nous - R\u00e9ductions - Politiques - Richard&#039;s Hotel<\/title>\n<meta name=\"robots\" content=\"index, follow, max-snippet:-1, max-image-preview:large, max-video-preview:-1\" \/>\n<link rel=\"canonical\" href=\"https:\/\/richardshotel.com\/fr\/a-propos-du-richards-motel\/\" \/>\n<meta property=\"og:locale\" content=\"fr_FR\" \/>\n<meta property=\"og:type\" content=\"article\" \/>\n<meta property=\"og:title\" content=\"\u00c0 propos de nous - R\u00e9ductions - Politiques - Richard&#039;s Hotel\" \/>\n<meta property=\"og:description\" content=\"\u00c0 propos de Richard&#039;s Hotel &nbsp; Bienvenue \u00e0 Richard&#039;s Hotel, le dernier n\u00e9 de la famille des motels Richard. Situ\u00e9 \u00e0 un p\u00e2t\u00e9 de maisons de notre motel principal \u00e0 Hollywood, en Floride. Richard&#039;s Hotel est devenu le nouveau membre de notre famille le 31 d\u00e9cembre 2011. Au Richard&#039;s Hotel, nous sommes sp\u00e9cialis\u00e9s dans les [&hellip;]\" \/>\n<meta property=\"og:url\" content=\"https:\/\/richardshotel.com\/fr\/a-propos-du-richards-motel\/\" \/>\n<meta property=\"og:site_name\" content=\"Richard&#039;s Hotel\" \/>\n<meta property=\"article:publisher\" content=\"https:\/\/www.facebook.com\/FamilyofLodgingsHollywoodFlorida\" \/>\n<meta property=\"article:modified_time\" content=\"2024-06-30T08:21:47+00:00\" \/>\n<meta name=\"twitter:card\" content=\"summary_large_image\" \/>\n<meta name=\"twitter:label1\" content=\"Dur\u00e9e de lecture estim\u00e9e\" \/>\n\t<meta name=\"twitter:data1\" content=\"8 minutes\" \/>\n<script type=\"application\/ld+json\" class=\"yoast-schema-graph\">{\"@context\":\"https:\\\/\\\/schema.org\",\"@graph\":[{\"@type\":\"WebPage\",\"@id\":\"https:\\\/\\\/richardshotel.com\\\/fr\\\/a-propos-du-richards-motel\\\/\",\"url\":\"https:\\\/\\\/richardshotel.com\\\/fr\\\/a-propos-du-richards-motel\\\/\",\"name\":\"\u00c0 propos de nous - R\u00e9ductions - Politiques - Richard&#039;s Hotel\",\"isPartOf\":{\"@id\":\"https:\\\/\\\/richardshotel.com\\\/fr\\\/#website\"},\"datePublished\":\"2023-11-26T17:55:25+00:00\",\"dateModified\":\"2024-06-30T08:21:47+00:00\",\"breadcrumb\":{\"@id\":\"https:\\\/\\\/richardshotel.com\\\/fr\\\/a-propos-du-richards-motel\\\/#breadcrumb\"},\"inLanguage\":\"fr-FR\",\"potentialAction\":[{\"@type\":\"ReadAction\",\"target\":[\"https:\\\/\\\/richardshotel.com\\\/fr\\\/a-propos-du-richards-motel\\\/\"]}]},{\"@type\":\"BreadcrumbList\",\"@id\":\"https:\\\/\\\/richardshotel.com\\\/fr\\\/a-propos-du-richards-motel\\\/#breadcrumb\",\"itemListElement\":[{\"@type\":\"ListItem\",\"position\":1,\"name\":\"Home\",\"item\":\"https:\\\/\\\/richardshotel.com\\\/fr\\\/\"},{\"@type\":\"ListItem\",\"position\":2,\"name\":\"\u00c0 propos de nous &#8211; R\u00e9ductions &#8211; Politiques\"}]},{\"@type\":\"WebSite\",\"@id\":\"https:\\\/\\\/richardshotel.com\\\/fr\\\/#website\",\"url\":\"https:\\\/\\\/richardshotel.com\\\/fr\\\/\",\"name\":\"Richard's Hotel\",\"description\":\"\",\"publisher\":{\"@id\":\"https:\\\/\\\/richardshotel.com\\\/fr\\\/#organization\"},\"potentialAction\":[{\"@type\":\"SearchAction\",\"target\":{\"@type\":\"EntryPoint\",\"urlTemplate\":\"https:\\\/\\\/richardshotel.com\\\/fr\\\/?s={search_term_string}\"},\"query-input\":{\"@type\":\"PropertyValueSpecification\",\"valueRequired\":true,\"valueName\":\"search_term_string\"}}],\"inLanguage\":\"fr-FR\"},{\"@type\":\"Organization\",\"@id\":\"https:\\\/\\\/richardshotel.com\\\/fr\\\/#organization\",\"name\":\"Richard's Hotel\",\"url\":\"https:\\\/\\\/richardshotel.com\\\/fr\\\/\",\"logo\":{\"@type\":\"ImageObject\",\"inLanguage\":\"fr-FR\",\"@id\":\"https:\\\/\\\/richardshotel.com\\\/fr\\\/#\\\/schema\\\/logo\\\/image\\\/\",\"url\":\"https:\\\/\\\/richardshotel.com\\\/wp-content\\\/uploads\\\/2024\\\/06\\\/Hotel-logo-slider.png\",\"contentUrl\":\"https:\\\/\\\/richardshotel.com\\\/wp-content\\\/uploads\\\/2024\\\/06\\\/Hotel-logo-slider.png\",\"width\":300,\"height\":236,\"caption\":\"Richard's Hotel\"},\"image\":{\"@id\":\"https:\\\/\\\/richardshotel.com\\\/fr\\\/#\\\/schema\\\/logo\\\/image\\\/\"},\"sameAs\":[\"https:\\\/\\\/www.facebook.com\\\/FamilyofLodgingsHollywoodFlorida\"]}]}<\/script>\n<!-- \/ Yoast SEO plugin. -->","yoast_head_json":{"title":"\u00c0 propos de nous - R\u00e9ductions - Politiques - Richard&#039;s Hotel","robots":{"index":"index","follow":"follow","max-snippet":"max-snippet:-1","max-image-preview":"max-image-preview:large","max-video-preview":"max-video-preview:-1"},"canonical":"https:\/\/richardshotel.com\/fr\/a-propos-du-richards-motel\/","og_locale":"fr_FR","og_type":"article","og_title":"\u00c0 propos de nous - R\u00e9ductions - Politiques - Richard&#039;s Hotel","og_description":"\u00c0 propos de Richard's Hotel &nbsp; Bienvenue \u00e0 Richard's Hotel, le dernier n\u00e9 de la famille des motels Richard. Situ\u00e9 \u00e0 un p\u00e2t\u00e9 de maisons de notre motel principal \u00e0 Hollywood, en Floride. Richard's Hotel est devenu le nouveau membre de notre famille le 31 d\u00e9cembre 2011. Au Richard's Hotel, nous sommes sp\u00e9cialis\u00e9s dans les [&hellip;]","og_url":"https:\/\/richardshotel.com\/fr\/a-propos-du-richards-motel\/","og_site_name":"Richard&#039;s Hotel","article_publisher":"https:\/\/www.facebook.com\/FamilyofLodgingsHollywoodFlorida","article_modified_time":"2024-06-30T08:21:47+00:00","twitter_card":"summary_large_image","twitter_misc":{"Dur\u00e9e de lecture estim\u00e9e":"8 minutes"},"schema":{"@context":"https:\/\/schema.org","@graph":[{"@type":"WebPage","@id":"https:\/\/richardshotel.com\/fr\/a-propos-du-richards-motel\/","url":"https:\/\/richardshotel.com\/fr\/a-propos-du-richards-motel\/","name":"\u00c0 propos de nous - R\u00e9ductions - Politiques - Richard&#039;s Hotel","isPartOf":{"@id":"https:\/\/richardshotel.com\/fr\/#website"},"datePublished":"2023-11-26T17:55:25+00:00","dateModified":"2024-06-30T08:21:47+00:00","breadcrumb":{"@id":"https:\/\/richardshotel.com\/fr\/a-propos-du-richards-motel\/#breadcrumb"},"inLanguage":"fr-FR","potentialAction":[{"@type":"ReadAction","target":["https:\/\/richardshotel.com\/fr\/a-propos-du-richards-motel\/"]}]},{"@type":"BreadcrumbList","@id":"https:\/\/richardshotel.com\/fr\/a-propos-du-richards-motel\/#breadcrumb","itemListElement":[{"@type":"ListItem","position":1,"name":"Home","item":"https:\/\/richardshotel.com\/fr\/"},{"@type":"ListItem","position":2,"name":"\u00c0 propos de nous &#8211; R\u00e9ductions &#8211; Politiques"}]},{"@type":"WebSite","@id":"https:\/\/richardshotel.com\/fr\/#website","url":"https:\/\/richardshotel.com\/fr\/","name":"Richard's Hotel","description":"","publisher":{"@id":"https:\/\/richardshotel.com\/fr\/#organization"},"potentialAction":[{"@type":"SearchAction","target":{"@type":"EntryPoint","urlTemplate":"https:\/\/richardshotel.com\/fr\/?s={search_term_string}"},"query-input":{"@type":"PropertyValueSpecification","valueRequired":true,"valueName":"search_term_string"}}],"inLanguage":"fr-FR"},{"@type":"Organization","@id":"https:\/\/richardshotel.com\/fr\/#organization","name":"Richard's Hotel","url":"https:\/\/richardshotel.com\/fr\/","logo":{"@type":"ImageObject","inLanguage":"fr-FR","@id":"https:\/\/richardshotel.com\/fr\/#\/schema\/logo\/image\/","url":"https:\/\/richardshotel.com\/wp-content\/uploads\/2024\/06\/Hotel-logo-slider.png","contentUrl":"https:\/\/richardshotel.com\/wp-content\/uploads\/2024\/06\/Hotel-logo-slider.png","width":300,"height":236,"caption":"Richard's Hotel"},"image":{"@id":"https:\/\/richardshotel.com\/fr\/#\/schema\/logo\/image\/"},"sameAs":["https:\/\/www.facebook.com\/FamilyofLodgingsHollywoodFlorida"]}]}},"_links":{"self":[{"href":"https:\/\/richardshotel.com\/fr\/wp-json\/wp\/v2\/pages\/1518","targetHints":{"allow":["GET"]}}],"collection":[{"href":"https:\/\/richardshotel.com\/fr\/wp-json\/wp\/v2\/pages"}],"about":[{"href":"https:\/\/richardshotel.com\/fr\/wp-json\/wp\/v2\/types\/page"}],"author":[{"embeddable":true,"href":"https:\/\/richardshotel.com\/fr\/wp-json\/wp\/v2\/users\/1"}],"replies":[{"embeddable":true,"href":"https:\/\/richardshotel.com\/fr\/wp-json\/wp\/v2\/comments?post=1518"}],"version-history":[{"count":72,"href":"https:\/\/richardshotel.com\/fr\/wp-json\/wp\/v2\/pages\/1518\/revisions"}],"predecessor-version":[{"id":3290,"href":"https:\/\/richardshotel.com\/fr\/wp-json\/wp\/v2\/pages\/1518\/revisions\/3290"}],"wp:attachment":[{"href":"https:\/\/richardshotel.com\/fr\/wp-json\/wp\/v2\/media?parent=1518"}],"curies":[{"name":"wp","href":"https:\/\/api.w.org\/{rel}","templated":true}]}}