{"id":1918,"date":"2024-02-15T08:45:40","date_gmt":"2024-02-15T08:45:40","guid":{"rendered":"http:\/\/new.richardsmotelfamilyoflodgings.com\/divi\/sun-shuttle\/"},"modified":"2024-02-16T12:37:32","modified_gmt":"2024-02-16T12:37:32","slug":"sun-shuttle","status":"publish","type":"page","link":"https:\/\/richardshotel.com\/fr\/sun-shuttle\/","title":{"rendered":"Sun Shuttle"},"content":{"rendered":"<p>[et_pb_section fb_built=\u00a0\u00bb1&Prime; _builder_version=\u00a0\u00bb4.24.0&Prime; _module_preset=\u00a0\u00bbdefault\u00a0\u00bb global_colors_info=\u00a0\u00bb{}\u00a0\u00bb][et_pb_row _builder_version=\u00a0\u00bb4.24.0&Prime; _module_preset=\u00a0\u00bbdefault\u00a0\u00bb global_colors_info=\u00a0\u00bb{}\u00a0\u00bb][et_pb_column type=\u00a0\u00bb4_4&Prime; _builder_version=\u00a0\u00bb4.24.0&Prime; _module_preset=\u00a0\u00bbdefault\u00a0\u00bb global_colors_info=\u00a0\u00bb{}\u00a0\u00bb][et_pb_text _builder_version=\u00a0\u00bb4.24.0&Prime; _module_preset=\u00a0\u00bbdefault\u00a0\u00bb header_4_font=\u00a0\u00bbABeeZee||||||||\u00a0\u00bb header_4_text_color=\u00a0\u00bb#7fbf01&Prime; global_colors_info=\u00a0\u00bb{}\u00a0\u00bb]<\/p>\n<h4>Sun Shuttle<\/h4>\n<p>[\/et_pb_text][\/et_pb_column][\/et_pb_row][et_pb_row column_structure=\u00a0\u00bb1_2,1_2&Prime; _builder_version=\u00a0\u00bb4.24.0&Prime; _module_preset=\u00a0\u00bbdefault\u00a0\u00bb global_colors_info=\u00a0\u00bb{}\u00a0\u00bb][et_pb_column type=\u00a0\u00bb1_2&Prime; _builder_version=\u00a0\u00bb4.24.0&Prime; _module_preset=\u00a0\u00bbdefault\u00a0\u00bb global_colors_info=\u00a0\u00bb{}\u00a0\u00bb][et_pb_text _builder_version=\u00a0\u00bb4.24.0&Prime; _module_preset=\u00a0\u00bbdefault\u00a0\u00bb global_colors_info=\u00a0\u00bb{}\u00a0\u00bb]<\/p>\n<p><strong>Sautez, descendez !<\/strong><\/p>\n<p>Il n&rsquo;a jamais \u00e9t\u00e9 aussi facile et amusant de se d\u00e9placer \u00e0 Hollywood ! Laissez votre voiture \u00e0 la maison et montez dans la navette \u00e9lectrique gratuite appel\u00e9e \u00ab\u00a0Sun Shuttle\u00a0\u00bb par Circuit. Lorsque vous \u00eates pr\u00eat \u00e0 \u00eatre pris en charge, il vous suffit d&rsquo;utiliser l&rsquo;application \u00e0 la demande \u00ab\u00a0Ride Circuit\u00a0\u00bb pour demander \u00e0 \u00eatre pris en charge, signaler le conducteur du v\u00e9hicule le plus proche ou vous rendre \u00e0 un arr\u00eat de navette d\u00e9sign\u00e9 dans la zone de service.<\/p>\n<p>[\/et_pb_text][\/et_pb_column][et_pb_column type=\u00a0\u00bb1_2&Prime; _builder_version=\u00a0\u00bb4.24.0&Prime; _module_preset=\u00a0\u00bbdefault\u00a0\u00bb global_colors_info=\u00a0\u00bb{}\u00a0\u00bb][et_pb_image src=\u00a0\u00bbhttp:\/\/new.richardsmotelfamilyoflodgings.com\/divi\/wp-content\/uploads\/2024\/02\/Sun-Shuttle.jpg\u00a0\u00bb title_text=\u00a0\u00bbSun-Shuttle\u00a0\u00bb _builder_version=\u00a0\u00bb4.24.0&Prime; _module_preset=\u00a0\u00bbdefault\u00a0\u00bb width=\u00a0\u00bb100%\u00a0\u00bb module_alignment=\u00a0\u00bbright\u00a0\u00bb custom_margin=\u00a0\u00bb||||false|false\u00a0\u00bb border_width_all=\u00a0\u00bb5px\u00a0\u00bb border_color_all=\u00a0\u00bb#FFFFFF\u00a0\u00bb box_shadow_style=\u00a0\u00bbpreset2&Prime; box_shadow_color=\u00a0\u00bbrgba(0,45,76,0.32)\u00a0\u00bb global_colors_info=\u00a0\u00bb{}\u00a0\u00bb][\/et_pb_image][\/et_pb_column][\/et_pb_row][et_pb_row _builder_version=\u00a0\u00bb4.24.0&Prime; _module_preset=\u00a0\u00bbdefault\u00a0\u00bb global_colors_info=\u00a0\u00bb{}\u00a0\u00bb][et_pb_column type=\u00a0\u00bb4_4&Prime; _builder_version=\u00a0\u00bb4.24.0&Prime; _module_preset=\u00a0\u00bbdefault\u00a0\u00bb global_colors_info=\u00a0\u00bb{}\u00a0\u00bb][et_pb_text _builder_version=\u00a0\u00bb4.24.0&Prime; _module_preset=\u00a0\u00bbdefault\u00a0\u00bb global_colors_info=\u00a0\u00bb{}\u00a0\u00bb]<\/p>\n<p><strong>Voir la vie. Voir Hollywood \u00e0 bord de la navette Sun Shuttle<\/strong><\/p>\n<p>D\u00e9couvrez toutes les choses \u00e0 voir et \u00e0 faire \u00e0 Hollywood. Des restaurants et des activit\u00e9s culturelles dans le centre-ville historique aux restaurants, boutiques et loisirs en bord de mer sur la plage d&rsquo;Hollywood, en passant par les lieux d&rsquo;affaires, les restaurants et les h\u00f4tels le long de la Federal Highway, vous comprendrez pourquoi Hollywood a \u00e9t\u00e9 nomm\u00e9e All-America City (ville am\u00e9ricaine) et l&rsquo;une des meilleures plages pour les familles aux \u00c9tats-Unis. Tout savoir sur le Sun Shuttle !<\/p>\n<p><strong>Qu&rsquo;est-ce que le Sun Shuttle by Circuit ?<\/strong><\/p>\n<p>Le Sun Shuttle, exploit\u00e9 par Circuit &#8211; anciennement connu sous le nom de \u00ab\u00a0The Free Ride\u00a0\u00bb, est un syst\u00e8me de transport public \u00e9lectrique respectueux de l&rsquo;environnement qui transporte les passagers vers des zones de service dans le centre-ville d&rsquo;Hollywood, sur la plage d&rsquo;Hollywood et le long de l&rsquo;autoroute f\u00e9d\u00e9rale. Les clients peuvent se rendre o\u00f9 ils veulent \u00e0 Hollywood rapidement et facilement, tout \u00e0 fait gratuitement.<\/p>\n<p>[\/et_pb_text][\/et_pb_column][\/et_pb_row][et_pb_row _builder_version=\u00a0\u00bb4.24.0&Prime; _module_preset=\u00a0\u00bbdefault\u00a0\u00bb global_colors_info=\u00a0\u00bb{}\u00a0\u00bb][et_pb_column type=\u00a0\u00bb4_4&Prime; _builder_version=\u00a0\u00bb4.24.0&Prime; _module_preset=\u00a0\u00bbdefault\u00a0\u00bb global_colors_info=\u00a0\u00bb{}\u00a0\u00bb][et_pb_text _builder_version=\u00a0\u00bb4.24.0&Prime; _module_preset=\u00a0\u00bbdefault\u00a0\u00bb global_colors_info=\u00a0\u00bb{}\u00a0\u00bb]<\/p>\n<p><strong>O\u00f9 puis-je me rendre \u00e0 bord du Sun Shuttle ?<\/strong><\/p>\n<p>Les passagers peuvent monter et descendre n&rsquo;importe o\u00f9 dans les zones de service suivantes :<\/p>\n<p>[\/et_pb_text][et_pb_gallery gallery_ids=\u00a0\u00bb2183,2186,2189,2192&Prime; show_title_and_caption=\u00a0\u00bboff\u00a0\u00bb _builder_version=\u00a0\u00bb4.24.0&Prime; _module_preset=\u00a0\u00bbdefault\u00a0\u00bb global_colors_info=\u00a0\u00bb{}\u00a0\u00bb][\/et_pb_gallery][\/et_pb_column][\/et_pb_row][et_pb_row column_structure=\u00a0\u00bb1_2,1_2&Prime; _builder_version=\u00a0\u00bb4.24.0&Prime; _module_preset=\u00a0\u00bbdefault\u00a0\u00bb global_colors_info=\u00a0\u00bb{}\u00a0\u00bb][et_pb_column type=\u00a0\u00bb1_2&Prime; _builder_version=\u00a0\u00bb4.24.0&Prime; _module_preset=\u00a0\u00bbdefault\u00a0\u00bb global_colors_info=\u00a0\u00bb{}\u00a0\u00bb][et_pb_text _builder_version=\u00a0\u00bb4.24.0&Prime; _module_preset=\u00a0\u00bbdefault\u00a0\u00bb global_colors_info=\u00a0\u00bb{}\u00a0\u00bb]<\/p>\n<p style=\"text-align: justify;\"><strong>Faites un tour \u00e0 bord de la navette Sun Shuttle<\/strong><\/p>\n<p style=\"text-align: justify;\"><strong>Service d&rsquo;ex\u00e9cution \u00e0 la demande<\/strong><\/p>\n<p style=\"text-align: justify;\">Utilisez l&rsquo;application gratuite \u00ab\u00a0Ride Circuit\u00a0\u00bb pour avertir un chauffeur de la flotte de venir vous chercher. Les clients doivent se trouver dans une zone de service.<br \/>T\u00e9l\u00e9chargez l&rsquo;application \u00ab\u00a0Ride Circuit\u00a0\u00bb sur l&rsquo;App Store ou sur Google Play <a href=\"https:\/\/www.ridecircuit.com\/\" target=\"_blank\" rel=\"noreferrer noopener\">www.ridecircuit.com<\/a><\/p>\n<p style=\"text-align: justify;\"><strong>Signer avec un conducteur de flotte<\/strong><\/p>\n<p style=\"text-align: justify;\">Lorsque vous \u00eates pr\u00eat \u00e0 \u00eatre pris en charge, il vous suffit de faire signe \u00e0 l&rsquo;op\u00e9rateur de la flotte Sun Shuttle le plus proche.<\/p>\n<p style=\"text-align: justify;\">\n<p style=\"text-align: justify;\"><strong>Arr\u00eats de la navette<\/strong><br \/>La navette Sun Shuttle s&rsquo;arr\u00eate \u00e9galement aux endroits d\u00e9sign\u00e9s ci-dessous :<\/p>\n<p style=\"text-align: justify;\">La navette Sun Shuttle s&rsquo;arr\u00eate \u00e0 Hollywood Beach<br \/>&#8211; Parking \u00ab\u00a0Garfield\u00a0\u00bb exploit\u00e9 par la ville sur l&rsquo;A1A \u00e0 Connecticut Street<br \/>&#8211; Le \u00ab\u00a0Johnson Street Mobility Hub\u00a0\u00bb \u00e0 l&rsquo;angle de l&rsquo;A1A et de la rue Johnson<br \/>&#8211; Parking \u00ab\u00a0Nevada\u00a0\u00bb exploit\u00e9 par la ville \u00e0 l&rsquo;angle de l&rsquo;A1A et de la rue Nevada<br \/> La navette Sun Shuttle s&rsquo;arr\u00eate au centre-ville d&rsquo;Hollywood<br \/>&#8211; Parking \u00ab\u00a0Van Buren\u00a0\u00bb exploit\u00e9 par la ville \u00e0 l&rsquo;angle de la 20e avenue et de la rue Van Buren<br \/>&#8211; Garage \u00ab\u00a0Radius\u00a0\u00bb exploit\u00e9 par la ville sur la 19e avenue et Polk Street<\/p>\n<p>[\/et_pb_text][\/et_pb_column][et_pb_column type=\u00a0\u00bb1_2&Prime; _builder_version=\u00a0\u00bb4.24.0&Prime; _module_preset=\u00a0\u00bbdefault\u00a0\u00bb global_colors_info=\u00a0\u00bb{}\u00a0\u00bb][et_pb_text _builder_version=\u00a0\u00bb4.24.0&Prime; _module_preset=\u00a0\u00bbdefault\u00a0\u00bb global_colors_info=\u00a0\u00bb{}\u00a0\u00bb]<\/p>\n<p style=\"text-align: justify;\"><strong><\/strong><\/p>\n<p style=\"text-align: justify;\"><strong><\/strong><\/p>\n<p style=\"text-align: justify;\"><strong><\/strong><\/p>\n<p style=\"text-align: justify;\"><strong>Combien co\u00fbte un voyage \u00e0 bord de la navette Sun Shuttle ?<\/strong><\/p>\n<p style=\"text-align: justify;\">Une promenade \u00e0 bord du Sun Shuttle by Circuit est gratuite, gr\u00e2ce \u00e0 la Hollywood Community Redevelopment Agency et \u00e0 la ville d&rsquo;Hollywood.<\/p>\n<p style=\"text-align: justify;\"><strong>Combien de passagers peuvent utiliser la navette Sun ?<br \/><\/strong>Chaque Sun Shuttle peut accueillir jusqu&rsquo;\u00e0 5 passagers. Bien qu&rsquo;il n&rsquo;y ait pas de nombre minimum de passagers requis, nous encourageons les gens \u00e0 voyager ensemble. Les navettes disposent d&rsquo;un espace sp\u00e9cial \u00e0 l&rsquo;arri\u00e8re pour vos effets personnels, vos bagages et vos jouets de plage.<\/p>\n<p style=\"text-align: justify;\"><strong>Quand puis-je obtenir un Sun Shuttle ?<\/strong><br \/>Horaire de la semaine : Du dimanche au jeudi de 10 heures \u00e0 21 heures.<br \/>Horaire du week-end : Vendredi et samedi de 10 heures \u00e0 22 heures.<\/p>\n<p style=\"text-align: justify;\"><strong>Service \u00e0 la client\u00e8le<\/strong><\/p>\n<p style=\"text-align: justify;\">Pour contacter un repr\u00e9sentant du service client\u00e8le de Circuit :<br \/>Appeler le 646.504.3733<br \/>Courriel : info@ridecircuit.com<\/p>\n<p style=\"text-align: justify;\"><strong>Accessibilit\u00e9 ADA<\/strong><\/p>\n<p style=\"text-align: justify;\">Une navette accessible aux personnes handicap\u00e9es est disponible sur demande.<\/p>\n<p>[\/et_pb_text][\/et_pb_column][\/et_pb_row][et_pb_row column_structure=\u00a0\u00bb1_2,1_2&Prime; _builder_version=\u00a0\u00bb4.24.0&Prime; _module_preset=\u00a0\u00bbdefault\u00a0\u00bb global_colors_info=\u00a0\u00bb{}\u00a0\u00bb][et_pb_column type=\u00a0\u00bb1_2&Prime; _builder_version=\u00a0\u00bb4.24.0&Prime; _module_preset=\u00a0\u00bbdefault\u00a0\u00bb global_colors_info=\u00a0\u00bb{}\u00a0\u00bb][et_pb_image src=\u00a0\u00bbhttp:\/\/new.richardsmotelfamilyoflodgings.com\/divi\/wp-content\/uploads\/2024\/02\/Sun-Shuttle-RM1-1024&#215;683.jpg\u00a0\u00bb title_text=\u00a0\u00bbSun-Shuttle-RM1&Prime; _builder_version=\u00a0\u00bb4.24.0&Prime; _module_preset=\u00a0\u00bbdefault\u00a0\u00bb width=\u00a0\u00bb100%\u00a0\u00bb module_alignment=\u00a0\u00bbright\u00a0\u00bb custom_margin=\u00a0\u00bb||||false|false\u00a0\u00bb border_width_all=\u00a0\u00bb5px\u00a0\u00bb border_color_all=\u00a0\u00bb#FFFFFF\u00a0\u00bb box_shadow_style=\u00a0\u00bbpreset2&Prime; box_shadow_color=\u00a0\u00bbrgba(0,45,76,0.32)\u00a0\u00bb global_colors_info=\u00a0\u00bb{}\u00a0\u00bb][\/et_pb_image][\/et_pb_column][et_pb_column type=\u00a0\u00bb1_2&Prime; _builder_version=\u00a0\u00bb4.24.0&Prime; _module_preset=\u00a0\u00bbdefault\u00a0\u00bb global_colors_info=\u00a0\u00bb{}\u00a0\u00bb][et_pb_image src=\u00a0\u00bbhttp:\/\/new.richardsmotelfamilyoflodgings.com\/divi\/wp-content\/uploads\/2024\/02\/Sun-Shuttle-RM2-1024&#215;683.jpg\u00a0\u00bb title_text=\u00a0\u00bbSun-Shuttle-RM2&Prime; _builder_version=\u00a0\u00bb4.24.0&Prime; _module_preset=\u00a0\u00bbdefault\u00a0\u00bb width=\u00a0\u00bb100%\u00a0\u00bb module_alignment=\u00a0\u00bbright\u00a0\u00bb custom_margin=\u00a0\u00bb||||false|false\u00a0\u00bb border_width_all=\u00a0\u00bb5px\u00a0\u00bb border_color_all=\u00a0\u00bb#FFFFFF\u00a0\u00bb box_shadow_style=\u00a0\u00bbpreset2&Prime; box_shadow_color=\u00a0\u00bbrgba(0,45,76,0.32)\u00a0\u00bb global_colors_info=\u00a0\u00bb{}\u00a0\u00bb][\/et_pb_image][\/et_pb_column][\/et_pb_row][\/et_pb_section]<\/p>\n","protected":false},"excerpt":{"rendered":"<p>Sun ShuttleSautez, descendez ! Il n&rsquo;a jamais \u00e9t\u00e9 aussi facile et amusant de se d\u00e9placer \u00e0 Hollywood ! Laissez votre voiture \u00e0 la maison et montez dans la navette \u00e9lectrique gratuite appel\u00e9e \u00ab\u00a0Sun Shuttle\u00a0\u00bb par Circuit. Lorsque vous \u00eates pr\u00eat \u00e0 \u00eatre pris en charge, il vous suffit d&rsquo;utiliser l&rsquo;application \u00e0 la demande \u00ab\u00a0Ride Circuit\u00a0\u00bb [&hellip;]<\/p>\n","protected":false},"author":1,"featured_media":0,"parent":0,"menu_order":0,"comment_status":"closed","ping_status":"closed","template":"","meta":{"_et_pb_use_builder":"on","_et_pb_old_content":"","_et_gb_content_width":"","_monsterinsights_skip_tracking":false,"_monsterinsights_sitenote_active":false,"_monsterinsights_sitenote_note":"","_monsterinsights_sitenote_category":0,"footnotes":""},"class_list":["post-1918","page","type-page","status-publish","hentry"],"yoast_head":"<!-- This site is optimized with the Yoast SEO plugin v27.3 - https:\/\/yoast.com\/product\/yoast-seo-wordpress\/ -->\n<title>Sun Shuttle - Richard&#039;s Hotel<\/title>\n<meta name=\"robots\" content=\"index, follow, max-snippet:-1, max-image-preview:large, max-video-preview:-1\" \/>\n<link rel=\"canonical\" href=\"https:\/\/richardshotel.com\/fr\/sun-shuttle\/\" \/>\n<meta property=\"og:locale\" content=\"fr_FR\" \/>\n<meta property=\"og:type\" content=\"article\" \/>\n<meta property=\"og:title\" content=\"Sun Shuttle - Richard&#039;s Hotel\" \/>\n<meta property=\"og:description\" content=\"Sun ShuttleSautez, descendez ! Il n&#039;a jamais \u00e9t\u00e9 aussi facile et amusant de se d\u00e9placer \u00e0 Hollywood ! Laissez votre voiture \u00e0 la maison et montez dans la navette \u00e9lectrique gratuite appel\u00e9e &quot;Sun Shuttle&quot; par Circuit. Lorsque vous \u00eates pr\u00eat \u00e0 \u00eatre pris en charge, il vous suffit d&#039;utiliser l&#039;application \u00e0 la demande &quot;Ride Circuit&quot; [&hellip;]\" \/>\n<meta property=\"og:url\" content=\"https:\/\/richardshotel.com\/fr\/sun-shuttle\/\" \/>\n<meta property=\"og:site_name\" content=\"Richard&#039;s Hotel\" \/>\n<meta property=\"article:publisher\" content=\"https:\/\/www.facebook.com\/FamilyofLodgingsHollywoodFlorida\" \/>\n<meta property=\"article:modified_time\" content=\"2024-02-16T12:37:32+00:00\" \/>\n<meta name=\"twitter:card\" content=\"summary_large_image\" \/>\n<meta name=\"twitter:label1\" content=\"Dur\u00e9e de lecture estim\u00e9e\" \/>\n\t<meta name=\"twitter:data1\" content=\"6 minutes\" \/>\n<script type=\"application\/ld+json\" class=\"yoast-schema-graph\">{\"@context\":\"https:\\\/\\\/schema.org\",\"@graph\":[{\"@type\":\"WebPage\",\"@id\":\"https:\\\/\\\/richardshotel.com\\\/fr\\\/sun-shuttle\\\/\",\"url\":\"https:\\\/\\\/richardshotel.com\\\/fr\\\/sun-shuttle\\\/\",\"name\":\"Sun Shuttle - Richard&#039;s Hotel\",\"isPartOf\":{\"@id\":\"https:\\\/\\\/richardshotel.com\\\/fr\\\/#website\"},\"datePublished\":\"2024-02-15T08:45:40+00:00\",\"dateModified\":\"2024-02-16T12:37:32+00:00\",\"breadcrumb\":{\"@id\":\"https:\\\/\\\/richardshotel.com\\\/fr\\\/sun-shuttle\\\/#breadcrumb\"},\"inLanguage\":\"fr-FR\",\"potentialAction\":[{\"@type\":\"ReadAction\",\"target\":[\"https:\\\/\\\/richardshotel.com\\\/fr\\\/sun-shuttle\\\/\"]}]},{\"@type\":\"BreadcrumbList\",\"@id\":\"https:\\\/\\\/richardshotel.com\\\/fr\\\/sun-shuttle\\\/#breadcrumb\",\"itemListElement\":[{\"@type\":\"ListItem\",\"position\":1,\"name\":\"Home\",\"item\":\"https:\\\/\\\/richardshotel.com\\\/fr\\\/\"},{\"@type\":\"ListItem\",\"position\":2,\"name\":\"Sun Shuttle\"}]},{\"@type\":\"WebSite\",\"@id\":\"https:\\\/\\\/richardshotel.com\\\/fr\\\/#website\",\"url\":\"https:\\\/\\\/richardshotel.com\\\/fr\\\/\",\"name\":\"Richard's Hotel\",\"description\":\"\",\"publisher\":{\"@id\":\"https:\\\/\\\/richardshotel.com\\\/fr\\\/#organization\"},\"potentialAction\":[{\"@type\":\"SearchAction\",\"target\":{\"@type\":\"EntryPoint\",\"urlTemplate\":\"https:\\\/\\\/richardshotel.com\\\/fr\\\/?s={search_term_string}\"},\"query-input\":{\"@type\":\"PropertyValueSpecification\",\"valueRequired\":true,\"valueName\":\"search_term_string\"}}],\"inLanguage\":\"fr-FR\"},{\"@type\":\"Organization\",\"@id\":\"https:\\\/\\\/richardshotel.com\\\/fr\\\/#organization\",\"name\":\"Richard's Hotel\",\"url\":\"https:\\\/\\\/richardshotel.com\\\/fr\\\/\",\"logo\":{\"@type\":\"ImageObject\",\"inLanguage\":\"fr-FR\",\"@id\":\"https:\\\/\\\/richardshotel.com\\\/fr\\\/#\\\/schema\\\/logo\\\/image\\\/\",\"url\":\"https:\\\/\\\/richardshotel.com\\\/wp-content\\\/uploads\\\/2024\\\/06\\\/Hotel-logo-slider.png\",\"contentUrl\":\"https:\\\/\\\/richardshotel.com\\\/wp-content\\\/uploads\\\/2024\\\/06\\\/Hotel-logo-slider.png\",\"width\":300,\"height\":236,\"caption\":\"Richard's Hotel\"},\"image\":{\"@id\":\"https:\\\/\\\/richardshotel.com\\\/fr\\\/#\\\/schema\\\/logo\\\/image\\\/\"},\"sameAs\":[\"https:\\\/\\\/www.facebook.com\\\/FamilyofLodgingsHollywoodFlorida\"]}]}<\/script>\n<!-- \/ Yoast SEO plugin. -->","yoast_head_json":{"title":"Sun Shuttle - Richard&#039;s Hotel","robots":{"index":"index","follow":"follow","max-snippet":"max-snippet:-1","max-image-preview":"max-image-preview:large","max-video-preview":"max-video-preview:-1"},"canonical":"https:\/\/richardshotel.com\/fr\/sun-shuttle\/","og_locale":"fr_FR","og_type":"article","og_title":"Sun Shuttle - Richard&#039;s Hotel","og_description":"Sun ShuttleSautez, descendez ! Il n'a jamais \u00e9t\u00e9 aussi facile et amusant de se d\u00e9placer \u00e0 Hollywood ! Laissez votre voiture \u00e0 la maison et montez dans la navette \u00e9lectrique gratuite appel\u00e9e \"Sun Shuttle\" par Circuit. Lorsque vous \u00eates pr\u00eat \u00e0 \u00eatre pris en charge, il vous suffit d'utiliser l'application \u00e0 la demande \"Ride Circuit\" [&hellip;]","og_url":"https:\/\/richardshotel.com\/fr\/sun-shuttle\/","og_site_name":"Richard&#039;s Hotel","article_publisher":"https:\/\/www.facebook.com\/FamilyofLodgingsHollywoodFlorida","article_modified_time":"2024-02-16T12:37:32+00:00","twitter_card":"summary_large_image","twitter_misc":{"Dur\u00e9e de lecture estim\u00e9e":"6 minutes"},"schema":{"@context":"https:\/\/schema.org","@graph":[{"@type":"WebPage","@id":"https:\/\/richardshotel.com\/fr\/sun-shuttle\/","url":"https:\/\/richardshotel.com\/fr\/sun-shuttle\/","name":"Sun Shuttle - Richard&#039;s Hotel","isPartOf":{"@id":"https:\/\/richardshotel.com\/fr\/#website"},"datePublished":"2024-02-15T08:45:40+00:00","dateModified":"2024-02-16T12:37:32+00:00","breadcrumb":{"@id":"https:\/\/richardshotel.com\/fr\/sun-shuttle\/#breadcrumb"},"inLanguage":"fr-FR","potentialAction":[{"@type":"ReadAction","target":["https:\/\/richardshotel.com\/fr\/sun-shuttle\/"]}]},{"@type":"BreadcrumbList","@id":"https:\/\/richardshotel.com\/fr\/sun-shuttle\/#breadcrumb","itemListElement":[{"@type":"ListItem","position":1,"name":"Home","item":"https:\/\/richardshotel.com\/fr\/"},{"@type":"ListItem","position":2,"name":"Sun Shuttle"}]},{"@type":"WebSite","@id":"https:\/\/richardshotel.com\/fr\/#website","url":"https:\/\/richardshotel.com\/fr\/","name":"Richard's Hotel","description":"","publisher":{"@id":"https:\/\/richardshotel.com\/fr\/#organization"},"potentialAction":[{"@type":"SearchAction","target":{"@type":"EntryPoint","urlTemplate":"https:\/\/richardshotel.com\/fr\/?s={search_term_string}"},"query-input":{"@type":"PropertyValueSpecification","valueRequired":true,"valueName":"search_term_string"}}],"inLanguage":"fr-FR"},{"@type":"Organization","@id":"https:\/\/richardshotel.com\/fr\/#organization","name":"Richard's Hotel","url":"https:\/\/richardshotel.com\/fr\/","logo":{"@type":"ImageObject","inLanguage":"fr-FR","@id":"https:\/\/richardshotel.com\/fr\/#\/schema\/logo\/image\/","url":"https:\/\/richardshotel.com\/wp-content\/uploads\/2024\/06\/Hotel-logo-slider.png","contentUrl":"https:\/\/richardshotel.com\/wp-content\/uploads\/2024\/06\/Hotel-logo-slider.png","width":300,"height":236,"caption":"Richard's Hotel"},"image":{"@id":"https:\/\/richardshotel.com\/fr\/#\/schema\/logo\/image\/"},"sameAs":["https:\/\/www.facebook.com\/FamilyofLodgingsHollywoodFlorida"]}]}},"_links":{"self":[{"href":"https:\/\/richardshotel.com\/fr\/wp-json\/wp\/v2\/pages\/1918","targetHints":{"allow":["GET"]}}],"collection":[{"href":"https:\/\/richardshotel.com\/fr\/wp-json\/wp\/v2\/pages"}],"about":[{"href":"https:\/\/richardshotel.com\/fr\/wp-json\/wp\/v2\/types\/page"}],"author":[{"embeddable":true,"href":"https:\/\/richardshotel.com\/fr\/wp-json\/wp\/v2\/users\/1"}],"replies":[{"embeddable":true,"href":"https:\/\/richardshotel.com\/fr\/wp-json\/wp\/v2\/comments?post=1918"}],"version-history":[{"count":17,"href":"https:\/\/richardshotel.com\/fr\/wp-json\/wp\/v2\/pages\/1918\/revisions"}],"predecessor-version":[{"id":2229,"href":"https:\/\/richardshotel.com\/fr\/wp-json\/wp\/v2\/pages\/1918\/revisions\/2229"}],"wp:attachment":[{"href":"https:\/\/richardshotel.com\/fr\/wp-json\/wp\/v2\/media?parent=1918"}],"curies":[{"name":"wp","href":"https:\/\/api.w.org\/{rel}","templated":true}]}}